{"id":367,"date":"2018-10-16T13:11:12","date_gmt":"2018-10-16T13:11:12","guid":{"rendered":"https:\/\/esteaplinka.lt\/?page_id=367"},"modified":"2023-02-16T10:34:48","modified_gmt":"2023-02-16T10:34:48","slug":"services","status":"publish","type":"page","link":"https:\/\/esteaplinka.lt\/?page_id=367","title":{"rendered":""},"content":{"rendered":"\t\t<div data-elementor-type=\"wp-post\" data-elementor-id=\"367\" class=\"elementor elementor-367\">\n\t\t\t\t\t\t<section class=\"elementor-section elementor-top-section elementor-element elementor-element-1bc174f1 elementor-section-content-bottom elementor-section-boxed elementor-section-height-default elementor-section-height-default\" data-id=\"1bc174f1\" data-element_type=\"section\" data-settings=\"{&quot;background_background&quot;:&quot;classic&quot;}\">\n\t\t\t\t\t\t\t<div class=\"elementor-background-overlay\"><\/div>\n\t\t\t\t\t\t\t<div class=\"elementor-container elementor-column-gap-no\">\n\t\t\t\t\t<div class=\"elementor-column elementor-col-50 elementor-top-column elementor-element elementor-element-1004c4f3\" data-id=\"1004c4f3\" data-element_type=\"column\">\n\t\t\t<div class=\"elementor-widget-wrap elementor-element-populated\">\n\t\t\t\t\t\t<div class=\"elementor-element elementor-element-3a868b20 elementor-widget elementor-widget-heading\" data-id=\"3a868b20\" data-element_type=\"widget\" data-widget_type=\"heading.default\">\n\t\t\t\t<div class=\"elementor-widget-container\">\n\t\t\t<h1 class=\"elementor-heading-title elementor-size-default\">Paslaugos<\/h1>\t\t<\/div>\n\t\t\t\t<\/div>\n\t\t\t\t\t<\/div>\n\t\t<\/div>\n\t\t\t\t<div class=\"elementor-column elementor-col-50 elementor-top-column elementor-element elementor-element-11eee6ce\" data-id=\"11eee6ce\" data-element_type=\"column\">\n\t\t\t<div class=\"elementor-widget-wrap elementor-element-populated\">\n\t\t\t\t\t\t<div class=\"elementor-element elementor-element-24662edd elementor-align-center elementor-mobile-align-left elementor-icon-list--layout-traditional elementor-list-item-link-full_width elementor-widget elementor-widget-icon-list\" data-id=\"24662edd\" data-element_type=\"widget\" data-widget_type=\"icon-list.default\">\n\t\t\t\t<div class=\"elementor-widget-container\">\n\t\t\t\t\t<ul class=\"elementor-icon-list-items\">\n\t\t\t\t\t\t\t<li class=\"elementor-icon-list-item\">\n\t\t\t\t\t\t\t\t\t\t\t<span class=\"elementor-icon-list-icon\">\n\t\t\t\t\t\t\t<i aria-hidden=\"true\" class=\"fas fa-phone\"><\/i>\t\t\t\t\t\t<\/span>\n\t\t\t\t\t\t\t\t\t\t<span class=\"elementor-icon-list-text\">+3706 112 4000<\/span>\n\t\t\t\t\t\t\t\t\t<\/li>\n\t\t\t\t\t\t<\/ul>\n\t\t\t\t<\/div>\n\t\t\t\t<\/div>\n\t\t\t\t\t<\/div>\n\t\t<\/div>\n\t\t\t\t\t<\/div>\n\t\t<\/section>\n\t\t\t\t<section class=\"elementor-section elementor-top-section elementor-element elementor-element-53346dd4 elementor-section-boxed elementor-section-height-default elementor-section-height-default\" data-id=\"53346dd4\" data-element_type=\"section\">\n\t\t\t\t\t\t<div class=\"elementor-container elementor-column-gap-no\">\n\t\t\t\t\t<div class=\"elementor-column elementor-col-100 elementor-top-column elementor-element elementor-element-4ba1d3f7\" data-id=\"4ba1d3f7\" data-element_type=\"column\">\n\t\t\t<div class=\"elementor-widget-wrap elementor-element-populated\">\n\t\t\t\t\t\t<section class=\"elementor-section elementor-inner-section elementor-element elementor-element-5b0b9a2d elementor-section-boxed elementor-section-height-default elementor-section-height-default\" data-id=\"5b0b9a2d\" data-element_type=\"section\">\n\t\t\t\t\t\t<div class=\"elementor-container elementor-column-gap-no\">\n\t\t\t\t\t<div class=\"elementor-column elementor-col-25 elementor-inner-column elementor-element elementor-element-368370c1\" data-id=\"368370c1\" data-element_type=\"column\">\n\t\t\t<div class=\"elementor-widget-wrap elementor-element-populated\">\n\t\t\t\t\t\t<div class=\"elementor-element elementor-element-7c3a5362 elementor-view-default elementor-widget elementor-widget-icon\" data-id=\"7c3a5362\" data-element_type=\"widget\" data-widget_type=\"icon.default\">\n\t\t\t\t<div class=\"elementor-widget-container\">\n\t\t\t\t\t<div class=\"elementor-icon-wrapper\">\n\t\t\t<div class=\"elementor-icon\">\n\t\t\t<i aria-hidden=\"true\" class=\"fas fa-wrench\"><\/i>\t\t\t<\/div>\n\t\t<\/div>\n\t\t\t\t<\/div>\n\t\t\t\t<\/div>\n\t\t\t\t<div class=\"elementor-element elementor-element-25c5ccb elementor-widget elementor-widget-heading\" data-id=\"25c5ccb\" data-element_type=\"widget\" data-widget_type=\"heading.default\">\n\t\t\t\t<div class=\"elementor-widget-container\">\n\t\t\t<h3 class=\"elementor-heading-title elementor-size-default\">Aplinkos projektavimo paslaugos<\/h3>\t\t<\/div>\n\t\t\t\t<\/div>\n\t\t\t\t<div class=\"elementor-element elementor-element-333b15c6 elementor-absolute elementor-widget elementor-widget-heading\" data-id=\"333b15c6\" data-element_type=\"widget\" data-settings=\"{&quot;_position&quot;:&quot;absolute&quot;}\" data-widget_type=\"heading.default\">\n\t\t\t\t<div class=\"elementor-widget-container\">\n\t\t\t<div class=\"elementor-heading-title elementor-size-default\">01.<\/div>\t\t<\/div>\n\t\t\t\t<\/div>\n\t\t\t\t\t<\/div>\n\t\t<\/div>\n\t\t\t\t<div class=\"elementor-column elementor-col-50 elementor-inner-column elementor-element elementor-element-41208b99\" data-id=\"41208b99\" data-element_type=\"column\">\n\t\t\t<div class=\"elementor-widget-wrap elementor-element-populated\">\n\t\t\t\t\t\t<div class=\"elementor-element elementor-element-34fb685a elementor-widget-divider--view-line elementor-widget elementor-widget-divider\" data-id=\"34fb685a\" data-element_type=\"widget\" data-widget_type=\"divider.default\">\n\t\t\t\t<div class=\"elementor-widget-container\">\n\t\t\t\t\t<div class=\"elementor-divider\">\n\t\t\t<span class=\"elementor-divider-separator\">\n\t\t\t\t\t\t<\/span>\n\t\t<\/div>\n\t\t\t\t<\/div>\n\t\t\t\t<\/div>\n\t\t\t\t<div class=\"elementor-element elementor-element-39362670 elementor-widget elementor-widget-text-editor\" data-id=\"39362670\" data-element_type=\"widget\" data-widget_type=\"text-editor.default\">\n\t\t\t\t<div class=\"elementor-widget-container\">\n\t\t\t\t\t\t\t<ul><li>\u017dem\u0117s reljefo formavimas<\/li><li>Dangos bei tak\u0173 parinkimas ir i\u0161d\u0117stymas<\/li><li>Tinkamos vietos \u017eeldynams parinkimas<\/li><li>Kompozicinis augal\u0173 i\u0161d\u0117stymas<\/li><li>Lauko ap\u0161vietimo parinkimas ir i\u0161d\u0117stymas<\/li><li>\u017daidimo aik\u0161teli\u0173 parinkimas bei i\u0161d\u0117stymas<\/li><li>Ma\u017eosios architekt\u016bros element\u0173 parinkimas bei i\u0161d\u0117stymas ir kt.<span class=\"Apple-converted-space\">\u00a0<\/span><\/li><\/ul>\t\t\t\t\t\t<\/div>\n\t\t\t\t<\/div>\n\t\t\t\t\t<\/div>\n\t\t<\/div>\n\t\t\t\t<div class=\"elementor-column elementor-col-25 elementor-inner-column elementor-element elementor-element-4e549573\" data-id=\"4e549573\" data-element_type=\"column\">\n\t\t\t<div class=\"elementor-widget-wrap elementor-element-populated\">\n\t\t\t\t\t\t<div class=\"elementor-element elementor-element-76e2a50b elementor-widget elementor-widget-image\" data-id=\"76e2a50b\" data-element_type=\"widget\" data-widget_type=\"image.default\">\n\t\t\t\t<div class=\"elementor-widget-container\">\n\t\t\t\t\t\t\t\t\t\t\t\t\t<img fetchpriority=\"high\" decoding=\"async\" width=\"1512\" height=\"775\" src=\"https:\/\/esteaplinka.lt\/wp-content\/uploads\/2023\/02\/Screenshot-507.png\" class=\"attachment-full size-full wp-image-1797\" alt=\"\" srcset=\"https:\/\/esteaplinka.lt\/wp-content\/uploads\/2023\/02\/Screenshot-507.png 1512w, https:\/\/esteaplinka.lt\/wp-content\/uploads\/2023\/02\/Screenshot-507-300x154.png 300w, https:\/\/esteaplinka.lt\/wp-content\/uploads\/2023\/02\/Screenshot-507-1024x525.png 1024w, https:\/\/esteaplinka.lt\/wp-content\/uploads\/2023\/02\/Screenshot-507-768x394.png 768w\" sizes=\"(max-width: 1512px) 100vw, 1512px\" \/>\t\t\t\t\t\t\t\t\t\t\t\t\t<\/div>\n\t\t\t\t<\/div>\n\t\t\t\t\t<\/div>\n\t\t<\/div>\n\t\t\t\t\t<\/div>\n\t\t<\/section>\n\t\t\t\t<section class=\"elementor-section elementor-inner-section elementor-element elementor-element-246ee848 elementor-section-boxed elementor-section-height-default elementor-section-height-default\" data-id=\"246ee848\" data-element_type=\"section\">\n\t\t\t\t\t\t<div class=\"elementor-container elementor-column-gap-no\">\n\t\t\t\t\t<div class=\"elementor-column elementor-col-25 elementor-inner-column elementor-element elementor-element-5a1e7040\" data-id=\"5a1e7040\" data-element_type=\"column\">\n\t\t\t<div class=\"elementor-widget-wrap elementor-element-populated\">\n\t\t\t\t\t\t<div class=\"elementor-element elementor-element-1bca4095 elementor-view-default elementor-widget elementor-widget-icon\" data-id=\"1bca4095\" data-element_type=\"widget\" data-widget_type=\"icon.default\">\n\t\t\t\t<div class=\"elementor-widget-container\">\n\t\t\t\t\t<div class=\"elementor-icon-wrapper\">\n\t\t\t<div class=\"elementor-icon\">\n\t\t\t<i aria-hidden=\"true\" class=\"fas fa-fire\"><\/i>\t\t\t<\/div>\n\t\t<\/div>\n\t\t\t\t<\/div>\n\t\t\t\t<\/div>\n\t\t\t\t<div class=\"elementor-element elementor-element-2ac8cfe3 elementor-widget elementor-widget-heading\" data-id=\"2ac8cfe3\" data-element_type=\"widget\" data-widget_type=\"heading.default\">\n\t\t\t\t<div class=\"elementor-widget-container\">\n\t\t\t<h3 class=\"elementor-heading-title elementor-size-default\">Aplinkos tvarkymo paslaugos<\/h3>\t\t<\/div>\n\t\t\t\t<\/div>\n\t\t\t\t<div class=\"elementor-element elementor-element-35516fba elementor-absolute elementor-widget elementor-widget-heading\" data-id=\"35516fba\" data-element_type=\"widget\" data-settings=\"{&quot;_position&quot;:&quot;absolute&quot;}\" data-widget_type=\"heading.default\">\n\t\t\t\t<div class=\"elementor-widget-container\">\n\t\t\t<div class=\"elementor-heading-title elementor-size-default\">02.<\/div>\t\t<\/div>\n\t\t\t\t<\/div>\n\t\t\t\t\t<\/div>\n\t\t<\/div>\n\t\t\t\t<div class=\"elementor-column elementor-col-50 elementor-inner-column elementor-element elementor-element-1e77f57f\" data-id=\"1e77f57f\" data-element_type=\"column\">\n\t\t\t<div class=\"elementor-widget-wrap elementor-element-populated\">\n\t\t\t\t\t\t<div class=\"elementor-element elementor-element-56194992 elementor-widget-divider--view-line elementor-widget elementor-widget-divider\" data-id=\"56194992\" data-element_type=\"widget\" data-widget_type=\"divider.default\">\n\t\t\t\t<div class=\"elementor-widget-container\">\n\t\t\t\t\t<div class=\"elementor-divider\">\n\t\t\t<span class=\"elementor-divider-separator\">\n\t\t\t\t\t\t<\/span>\n\t\t<\/div>\n\t\t\t\t<\/div>\n\t\t\t\t<\/div>\n\t\t\t\t<div class=\"elementor-element elementor-element-1dd09b0 elementor-widget elementor-widget-text-editor\" data-id=\"1dd09b0\" data-element_type=\"widget\" data-widget_type=\"text-editor.default\">\n\t\t\t\t<div class=\"elementor-widget-container\">\n\t\t\t\t\t\t\t<ul><li>\u0160iuk\u0161li\u0173, statybini\u0173 atliek\u0173 surinkimas, pakrovimas, i\u0161ve\u017eimas ir kt.<\/li><li>Sklypo reljefo formavimas, lyginimas, kasimas, pak\u0117limas, planiravimas ir kiti darbai.<\/li><\/ul>\t\t\t\t\t\t<\/div>\n\t\t\t\t<\/div>\n\t\t\t\t\t<\/div>\n\t\t<\/div>\n\t\t\t\t<div class=\"elementor-column elementor-col-25 elementor-inner-column elementor-element elementor-element-342db235\" data-id=\"342db235\" data-element_type=\"column\">\n\t\t\t<div class=\"elementor-widget-wrap elementor-element-populated\">\n\t\t\t\t\t\t<div class=\"elementor-element elementor-element-428fd8d3 elementor-widget elementor-widget-image\" data-id=\"428fd8d3\" data-element_type=\"widget\" data-widget_type=\"image.default\">\n\t\t\t\t<div class=\"elementor-widget-container\">\n\t\t\t\t\t\t\t\t\t\t\t\t\t<img decoding=\"async\" width=\"1318\" height=\"887\" src=\"https:\/\/esteaplinka.lt\/wp-content\/uploads\/2021\/11\/Screenshot-2021-11-08-at-15.09.53.png\" class=\"attachment-full size-full wp-image-1619\" alt=\"Aplinkos projektavimas Vilniuje Este Aplinka\" srcset=\"https:\/\/esteaplinka.lt\/wp-content\/uploads\/2021\/11\/Screenshot-2021-11-08-at-15.09.53.png 1318w, https:\/\/esteaplinka.lt\/wp-content\/uploads\/2021\/11\/Screenshot-2021-11-08-at-15.09.53-300x202.png 300w, https:\/\/esteaplinka.lt\/wp-content\/uploads\/2021\/11\/Screenshot-2021-11-08-at-15.09.53-1024x689.png 1024w, https:\/\/esteaplinka.lt\/wp-content\/uploads\/2021\/11\/Screenshot-2021-11-08-at-15.09.53-768x517.png 768w\" sizes=\"(max-width: 1318px) 100vw, 1318px\" \/>\t\t\t\t\t\t\t\t\t\t\t\t\t<\/div>\n\t\t\t\t<\/div>\n\t\t\t\t\t<\/div>\n\t\t<\/div>\n\t\t\t\t\t<\/div>\n\t\t<\/section>\n\t\t\t\t<section class=\"elementor-section elementor-inner-section elementor-element elementor-element-7e4abacf elementor-section-boxed elementor-section-height-default elementor-section-height-default\" data-id=\"7e4abacf\" data-element_type=\"section\">\n\t\t\t\t\t\t<div class=\"elementor-container elementor-column-gap-no\">\n\t\t\t\t\t<div class=\"elementor-column elementor-col-25 elementor-inner-column elementor-element elementor-element-47370ac0\" data-id=\"47370ac0\" data-element_type=\"column\">\n\t\t\t<div class=\"elementor-widget-wrap elementor-element-populated\">\n\t\t\t\t\t\t<div class=\"elementor-element elementor-element-1033254e elementor-view-default elementor-widget elementor-widget-icon\" data-id=\"1033254e\" data-element_type=\"widget\" data-widget_type=\"icon.default\">\n\t\t\t\t<div class=\"elementor-widget-container\">\n\t\t\t\t\t<div class=\"elementor-icon-wrapper\">\n\t\t\t<div class=\"elementor-icon\">\n\t\t\t<i aria-hidden=\"true\" class=\"fas fa-tools\"><\/i>\t\t\t<\/div>\n\t\t<\/div>\n\t\t\t\t<\/div>\n\t\t\t\t<\/div>\n\t\t\t\t<div class=\"elementor-element elementor-element-2a4148d elementor-widget elementor-widget-heading\" data-id=\"2a4148d\" data-element_type=\"widget\" data-widget_type=\"heading.default\">\n\t\t\t\t<div class=\"elementor-widget-container\">\n\t\t\t<h3 class=\"elementor-heading-title elementor-size-default\"><span style=\"color: var(--font-color); font-family: var(--primary-font); font-size: 18px;\">Aplinkos \u012frengimo paslaugos<\/span><\/h3>\t\t<\/div>\n\t\t\t\t<\/div>\n\t\t\t\t<div class=\"elementor-element elementor-element-51e45e47 elementor-absolute elementor-widget elementor-widget-heading\" data-id=\"51e45e47\" data-element_type=\"widget\" data-settings=\"{&quot;_position&quot;:&quot;absolute&quot;}\" data-widget_type=\"heading.default\">\n\t\t\t\t<div class=\"elementor-widget-container\">\n\t\t\t<div class=\"elementor-heading-title elementor-size-default\">03.<\/div>\t\t<\/div>\n\t\t\t\t<\/div>\n\t\t\t\t\t<\/div>\n\t\t<\/div>\n\t\t\t\t<div class=\"elementor-column elementor-col-50 elementor-inner-column elementor-element elementor-element-6256145b\" data-id=\"6256145b\" data-element_type=\"column\">\n\t\t\t<div class=\"elementor-widget-wrap elementor-element-populated\">\n\t\t\t\t\t\t<div class=\"elementor-element elementor-element-3974a258 elementor-widget-divider--view-line elementor-widget elementor-widget-divider\" data-id=\"3974a258\" data-element_type=\"widget\" data-widget_type=\"divider.default\">\n\t\t\t\t<div class=\"elementor-widget-container\">\n\t\t\t\t\t<div class=\"elementor-divider\">\n\t\t\t<span class=\"elementor-divider-separator\">\n\t\t\t\t\t\t<\/span>\n\t\t<\/div>\n\t\t\t\t<\/div>\n\t\t\t\t<\/div>\n\t\t\t\t<div class=\"elementor-element elementor-element-581d7bd3 elementor-widget elementor-widget-text-editor\" data-id=\"581d7bd3\" data-element_type=\"widget\" data-widget_type=\"text-editor.default\">\n\t\t\t\t<div class=\"elementor-widget-container\">\n\t\t\t\t\t\t\t<ul><li>Pagrind\u0173 ruo\u0161imas takeliams, keliams \u012frengti, \u017eeldynams sodinti ir kitiems numatytiems objektams \u012frengti<\/li><li>Augalinio sluoksnio nu\u0117mimas, nukasimas, paskleidimas, sm\u0117lio, skaldos, juod\u017eemio, grunto kasimo, stumdymo, krovimo, u\u017epylimo, sklaidymo ir kiti darbai.<\/li><li>Pale\u010di\u0173 su med\u017eiagomis ir \u012franga i\u0161krovimas ir pakrovimas.<\/li><li>Numatytos dangos, tak\u0173, keli\u0173, \u017eaidim\u0173 aik\u0161teli\u0173, ap\u0161vietimo, architekt\u016bros element\u0173 ir kit\u0173 projekte numatyt\u0173 objekt\u0173 \u012frengimas.<\/li><\/ul>\t\t\t\t\t\t<\/div>\n\t\t\t\t<\/div>\n\t\t\t\t\t<\/div>\n\t\t<\/div>\n\t\t\t\t<div class=\"elementor-column elementor-col-25 elementor-inner-column elementor-element elementor-element-76972b2b\" data-id=\"76972b2b\" data-element_type=\"column\">\n\t\t\t<div class=\"elementor-widget-wrap elementor-element-populated\">\n\t\t\t\t\t\t<div class=\"elementor-element elementor-element-b4cab73 elementor-widget elementor-widget-image\" data-id=\"b4cab73\" data-element_type=\"widget\" data-widget_type=\"image.default\">\n\t\t\t\t<div class=\"elementor-widget-container\">\n\t\t\t\t\t\t\t\t\t\t\t\t\t<img decoding=\"async\" width=\"931\" height=\"544\" src=\"https:\/\/esteaplinka.lt\/wp-content\/uploads\/2023\/02\/Screenshot-510.png\" class=\"attachment-full size-full wp-image-1848\" alt=\"\" srcset=\"https:\/\/esteaplinka.lt\/wp-content\/uploads\/2023\/02\/Screenshot-510.png 931w, https:\/\/esteaplinka.lt\/wp-content\/uploads\/2023\/02\/Screenshot-510-300x175.png 300w, https:\/\/esteaplinka.lt\/wp-content\/uploads\/2023\/02\/Screenshot-510-768x449.png 768w\" sizes=\"(max-width: 931px) 100vw, 931px\" \/>\t\t\t\t\t\t\t\t\t\t\t\t\t<\/div>\n\t\t\t\t<\/div>\n\t\t\t\t\t<\/div>\n\t\t<\/div>\n\t\t\t\t\t<\/div>\n\t\t<\/section>\n\t\t\t\t\t<\/div>\n\t\t<\/div>\n\t\t\t\t\t<\/div>\n\t\t<\/section>\n\t\t\t\t<section class=\"elementor-section elementor-top-section elementor-element elementor-element-61921d00 elementor-section-content-middle elementor-section-boxed elementor-section-height-default elementor-section-height-default\" data-id=\"61921d00\" data-element_type=\"section\" data-settings=\"{&quot;background_background&quot;:&quot;classic&quot;}\">\n\t\t\t\t\t\t\t<div class=\"elementor-background-overlay\"><\/div>\n\t\t\t\t\t\t\t<div class=\"elementor-container elementor-column-gap-no\">\n\t\t\t\t\t<div class=\"elementor-column elementor-col-100 elementor-top-column elementor-element elementor-element-2ff56d8c\" data-id=\"2ff56d8c\" data-element_type=\"column\">\n\t\t\t<div class=\"elementor-widget-wrap elementor-element-populated\">\n\t\t\t\t\t\t<div class=\"elementor-element elementor-element-41bd7e77 elementor-widget elementor-widget-heading\" data-id=\"41bd7e77\" data-element_type=\"widget\" data-widget_type=\"heading.default\">\n\t\t\t\t<div class=\"elementor-widget-container\">\n\t\t\t<h3 class=\"elementor-heading-title elementor-size-default\">J\u016bs\u0173 patogumui dirbame 9 - 18 val.<\/h3>\t\t<\/div>\n\t\t\t\t<\/div>\n\t\t\t\t<div class=\"elementor-element elementor-element-12f5b07e elementor-widget-divider--view-line elementor-widget elementor-widget-divider\" data-id=\"12f5b07e\" data-element_type=\"widget\" data-widget_type=\"divider.default\">\n\t\t\t\t<div class=\"elementor-widget-container\">\n\t\t\t\t\t<div class=\"elementor-divider\">\n\t\t\t<span class=\"elementor-divider-separator\">\n\t\t\t\t\t\t<\/span>\n\t\t<\/div>\n\t\t\t\t<\/div>\n\t\t\t\t<\/div>\n\t\t\t\t<div class=\"elementor-element elementor-element-2ced836d elementor-widget elementor-widget-text-editor\" data-id=\"2ced836d\" data-element_type=\"widget\" data-widget_type=\"text-editor.default\">\n\t\t\t\t<div class=\"elementor-widget-container\">\n\t\t\t\t\t\t\t<p>U\u017esakymus priimame i\u0161 anksto sutartus telefonu.<\/p>\t\t\t\t\t\t<\/div>\n\t\t\t\t<\/div>\n\t\t\t\t<div class=\"elementor-element elementor-element-7298d4d7 elementor-mobile-align-center elementor-icon-list--layout-traditional elementor-list-item-link-full_width elementor-widget elementor-widget-icon-list\" data-id=\"7298d4d7\" data-element_type=\"widget\" data-widget_type=\"icon-list.default\">\n\t\t\t\t<div class=\"elementor-widget-container\">\n\t\t\t\t\t<ul class=\"elementor-icon-list-items\">\n\t\t\t\t\t\t\t<li class=\"elementor-icon-list-item\">\n\t\t\t\t\t\t\t\t\t\t\t<span class=\"elementor-icon-list-icon\">\n\t\t\t\t\t\t\t<i aria-hidden=\"true\" class=\"fas fa-phone\"><\/i>\t\t\t\t\t\t<\/span>\n\t\t\t\t\t\t\t\t\t\t<span class=\"elementor-icon-list-text\">+3706 112 4000<\/span>\n\t\t\t\t\t\t\t\t\t<\/li>\n\t\t\t\t\t\t<\/ul>\n\t\t\t\t<\/div>\n\t\t\t\t<\/div>\n\t\t\t\t\t<\/div>\n\t\t<\/div>\n\t\t\t\t\t<\/div>\n\t\t<\/section>\n\t\t\t\t<\/div>\n\t\t","protected":false},"excerpt":{"rendered":"<p>Paslaugos +3706 112 4000 Aplinkos projektavimo paslaugos 01. \u017dem\u0117s reljefo formavimas Dangos bei tak\u0173 parinkimas ir i\u0161d\u0117stymas Tinkamos vietos \u017eeldynams &hellip; <\/p>\n","protected":false},"author":1,"featured_media":0,"parent":0,"menu_order":0,"comment_status":"closed","ping_status":"closed","template":"elementor_header_footer","meta":{"footnotes":""},"class_list":["post-367","page","type-page","status-publish","hentry"],"_links":{"self":[{"href":"https:\/\/esteaplinka.lt\/index.php?rest_route=\/wp\/v2\/pages\/367","targetHints":{"allow":["GET"]}}],"collection":[{"href":"https:\/\/esteaplinka.lt\/index.php?rest_route=\/wp\/v2\/pages"}],"about":[{"href":"https:\/\/esteaplinka.lt\/index.php?rest_route=\/wp\/v2\/types\/page"}],"author":[{"embeddable":true,"href":"https:\/\/esteaplinka.lt\/index.php?rest_route=\/wp\/v2\/users\/1"}],"replies":[{"embeddable":true,"href":"https:\/\/esteaplinka.lt\/index.php?rest_route=%2Fwp%2Fv2%2Fcomments&post=367"}],"version-history":[{"count":46,"href":"https:\/\/esteaplinka.lt\/index.php?rest_route=\/wp\/v2\/pages\/367\/revisions"}],"predecessor-version":[{"id":1851,"href":"https:\/\/esteaplinka.lt\/index.php?rest_route=\/wp\/v2\/pages\/367\/revisions\/1851"}],"wp:attachment":[{"href":"https:\/\/esteaplinka.lt\/index.php?rest_route=%2Fwp%2Fv2%2Fmedia&parent=367"}],"curies":[{"name":"wp","href":"https:\/\/api.w.org\/{rel}","templated":true}]}}